{"id":4149,"date":"2021-02-27T14:03:06","date_gmt":"2021-02-27T14:03:06","guid":{"rendered":"https:\/\/www.hostellerie-stafelter.lu\/contact\/"},"modified":"2021-04-03T17:40:31","modified_gmt":"2021-04-03T17:40:31","slug":"contact","status":"publish","type":"page","link":"https:\/\/www.hostellerie-stafelter.lu\/fr\/contact\/","title":{"rendered":"Contact"},"content":{"rendered":"<p><div class=\"fusion-fullwidth fullwidth-box fusion-builder-row-1 fusion-flex-container nonhundred-percent-fullwidth non-hundred-percent-height-scrolling\" style=\"background-color: rgba(255,255,255,0);background-position: center center;background-repeat: no-repeat;border-width: 0px 0px 0px 0px;border-color:#eae9e9;border-style:solid;\" ><div class=\"fusion-builder-row fusion-row fusion-flex-align-items-flex-start\" style=\"max-width:1430px;margin-left: calc(-4% \/ 2 );margin-right: calc(-4% \/ 2 );\"><div class=\"fusion-layout-column fusion_builder_column fusion-builder-column-0 fusion_builder_column_1_1 1_1 fusion-flex-column fusion-no-large-visibility\"><div class=\"fusion-column-wrapper fusion-flex-justify-content-flex-start fusion-content-layout-column\" style=\"background-position:left top;background-repeat:no-repeat;-webkit-background-size:cover;-moz-background-size:cover;-o-background-size:cover;background-size:cover;padding: 0px 0px 0px 0px;\"><div class=\"fusion-separator fusion-full-width-sep\" style=\"align-self: center;margin-left: auto;margin-right: auto;margin-bottom:3%;width:100%;\"><\/div><\/div><\/div><style type=\"text\/css\">.fusion-body .fusion-builder-column-0{width:100% !important;margin-top : 0px;margin-bottom : 0px;}.fusion-builder-column-0 > .fusion-column-wrapper {padding-top : 0px !important;padding-right : 0px !important;margin-right : 1.92%;padding-bottom : 0px !important;padding-left : 0px !important;margin-left : 1.92%;}@media only screen and (max-width:1024px) {.fusion-body .fusion-builder-column-0{width:100% !important;}.fusion-builder-column-0 > .fusion-column-wrapper {margin-right : 1.92%;margin-left : 1.92%;}}@media only screen and (max-width:640px) {.fusion-body .fusion-builder-column-0{width:100% !important;}.fusion-builder-column-0 > .fusion-column-wrapper {margin-right : 1.92%;margin-left : 1.92%;}}<\/style><div class=\"fusion-layout-column fusion_builder_column fusion-builder-column-1 fusion_builder_column_2_5 2_5 fusion-flex-column fusion-animated\" data-animationType=\"fadeInUp\" data-animationDuration=\"1.0\" data-animationOffset=\"100%\"><div class=\"fusion-column-wrapper fusion-flex-justify-content-flex-start fusion-content-layout-column\" style=\"background-position:left top;background-repeat:no-repeat;-webkit-background-size:cover;-moz-background-size:cover;-o-background-size:cover;background-size:cover;padding: 0px 0% 0px 0px;\"><style type=\"text\/css\">@media only screen and (max-width:1024px) {.fusion-title.fusion-title-1{margin-top:0px!important;margin-bottom:2%!important;}}<\/style><div class=\"fusion-title title fusion-title-1 fusion-sep-none fusion-title-text fusion-title-size-two\" style=\"margin-top:0px;margin-bottom:2%;\"><h2 class=\"title-heading-left\" style=\"margin:0;\">INFORMATIONS DE CONTACT :<\/h2><\/div><div class=\"fusion-text fusion-text-1\" style=\"transform:translate3d(0,0,0);\"><p>1, rue de Dommeldange<br \/>\nL-7222 Walferdange<\/p>\n<p><a href=\"tel:00352203397\">+352 20 33 97<\/a><br \/>\n<a href=\"mailto:info@hostellerie-stafelter.lu\">info@hostellerie-stafelter.lu<\/a><\/p>\n<\/div><div class=\"fusion-separator fusion-full-width-sep\" style=\"align-self: center;margin-left: auto;margin-right: auto;margin-bottom:2%;width:100%;\"><\/div><style type=\"text\/css\">@media only screen and (max-width:1024px) {.fusion-title.fusion-title-2{margin-top:0px!important;margin-bottom:2%!important;}}<\/style><div class=\"fusion-title title fusion-title-2 fusion-sep-none fusion-title-text fusion-title-size-two\" style=\"margin-top:0px;margin-bottom:2%;\"><h2 class=\"title-heading-left\" style=\"margin:0;\">NOS SERVICES ET HEURES D\u2019OUVERTURE:<\/h2><\/div><div class=\"fusion-text fusion-text-2\" style=\"transform:translate3d(0,0,0);\"><p><strong>Petit d\u00e9jeuner:<\/strong><br \/>\nLundi \u00e0 dimanche de 07:00 \u00e0 10:00<\/p>\n<p><strong>Conference Room:<\/strong><br \/>\nSur Reservation<\/p>\n<p><strong>Services:<\/strong><br \/>\nFree WIFI<br \/>\nCheck-In: From 15:00h<br \/>\nCheck Out: Before 11:00h<\/p>\n<p><strong>Restaurant:<\/strong><br \/>\nMardi \u00e0 Samedi de 11:45h \u00e0 13:30h et de 19:00 \u00e0 21:30h<br \/>\nFerm\u00e9 Lundi &amp; Dimanche<\/p>\n<\/div><div class=\"fusion-separator fusion-full-width-sep\" style=\"align-self: center;margin-left: auto;margin-right: auto;margin-bottom:5%;width:100%;\"><\/div><style type=\"text\/css\">@media only screen and (max-width:1024px) {.fusion-title.fusion-title-3{margin-top:0px!important;margin-bottom:2%!important;}}<\/style><div class=\"fusion-title title fusion-title-3 fusion-sep-none fusion-title-text fusion-title-size-two\" style=\"margin-top:0px;margin-bottom:2%;\"><h2 class=\"title-heading-left\" style=\"margin:0;\">SUIVEZ-NOUS SUR LES M\u00c9DIAS SOCIAUX<\/h2><\/div><div class=\"fusion-separator fusion-full-width-sep\" style=\"align-self: center;margin-left: auto;margin-right: auto;margin-bottom:3%;width:100%;\"><\/div><div class=\"fusion-text fusion-text-3\" style=\"transform:translate3d(0,0,0);\"><p><a href=\"https:\/\/www.tripadvisor.com\/Restaurant_Review-g1006487-d11977525-Reviews-Hostellerie_Stafelter-Walferdange.html\" target=\"_blank\" rel=\"noopener\">tripadvisor.com<\/a><br \/>\n<a href=\"https:\/\/www.facebook.com\/hostelleriestafelter\/\" target=\"_blank\" rel=\"noopener\">facebook.com<\/a><\/p>\n<\/div><div class=\"fusion-separator fusion-full-width-sep\" style=\"align-self: center;margin-left: auto;margin-right: auto;margin-bottom:3%;width:100%;\"><\/div><\/div><\/div><style type=\"text\/css\">.fusion-body .fusion-builder-column-1{width:40% !important;margin-top : 0px;margin-bottom : 8%;}.fusion-builder-column-1 > .fusion-column-wrapper {padding-top : 0px !important;padding-right : 0% !important;margin-right : 5.76%;padding-bottom : 0px !important;padding-left : 0px !important;margin-left : 4.8%;}@media only screen and (max-width:1024px) {.fusion-body .fusion-builder-column-1{width:100% !important;}.fusion-builder-column-1 > .fusion-column-wrapper {margin-right : 1.92%;margin-left : 1.92%;}}@media only screen and (max-width:640px) {.fusion-body .fusion-builder-column-1{width:100% !important;}.fusion-builder-column-1 > .fusion-column-wrapper {margin-right : 1.92%;margin-left : 1.92%;}}<\/style><div class=\"fusion-layout-column fusion_builder_column fusion-builder-column-2 fusion_builder_column_3_5 3_5 fusion-flex-column fusion-animated\" data-animationType=\"fadeIn\" data-animationDuration=\"1.0\" data-animationOffset=\"100%\"><div class=\"fusion-column-wrapper fusion-flex-justify-content-flex-start fusion-content-layout-column\" style=\"background-position:left top;background-repeat:no-repeat;-webkit-background-size:cover;-moz-background-size:cover;-o-background-size:cover;background-size:cover;padding: 0px 0px 0px 0px;\"><div role=\"form\" class=\"wpcf7\" id=\"wpcf7-f4153-o1\" lang=\"en-US\" dir=\"ltr\">\n<div class=\"screen-reader-response\"><p role=\"status\" aria-live=\"polite\" aria-atomic=\"true\"><\/p> <ul><\/ul><\/div>\n<form action=\"\/fr\/wp-json\/wp\/v2\/pages\/4149#wpcf7-f4153-o1\" method=\"post\" class=\"wpcf7-form init\" novalidate=\"novalidate\" data-status=\"init\">\n<div style=\"display: none;\">\n<input type=\"hidden\" name=\"_wpcf7\" value=\"4153\" \/>\n<input type=\"hidden\" name=\"_wpcf7_version\" value=\"5.4\" \/>\n<input type=\"hidden\" name=\"_wpcf7_locale\" value=\"en_US\" \/>\n<input type=\"hidden\" name=\"_wpcf7_unit_tag\" value=\"wpcf7-f4153-o1\" \/>\n<input type=\"hidden\" name=\"_wpcf7_container_post\" value=\"0\" \/>\n<input type=\"hidden\" name=\"_wpcf7_posted_data_hash\" value=\"\" \/>\n<input type=\"hidden\" name=\"_wpcf7_recaptcha_response\" value=\"\" \/>\n<\/div>\n<p><label> Votre nom<br \/>\n    <span class=\"wpcf7-form-control-wrap your-name\"><input type=\"text\" name=\"your-name\" value=\"\" size=\"40\" class=\"wpcf7-form-control wpcf7-text wpcf7-validates-as-required\" aria-required=\"true\" aria-invalid=\"false\" \/><\/span> <\/label><\/p>\n<p><label> Votre email<br \/>\n    <span class=\"wpcf7-form-control-wrap your-email\"><input type=\"email\" name=\"your-email\" value=\"\" size=\"40\" class=\"wpcf7-form-control wpcf7-text wpcf7-email wpcf7-validates-as-required wpcf7-validates-as-email\" aria-required=\"true\" aria-invalid=\"false\" \/><\/span> <\/label><\/p>\n<p><label> Sujet<br \/>\n    <span class=\"wpcf7-form-control-wrap your-subject\"><input type=\"text\" name=\"your-subject\" value=\"\" size=\"40\" class=\"wpcf7-form-control wpcf7-text wpcf7-validates-as-required\" aria-required=\"true\" aria-invalid=\"false\" \/><\/span> <\/label><\/p>\n<p><label> Votre message (optional)<br \/>\n    <span class=\"wpcf7-form-control-wrap your-message\"><textarea name=\"your-message\" cols=\"40\" rows=\"10\" class=\"wpcf7-form-control wpcf7-textarea\" aria-invalid=\"false\"><\/textarea><\/span> <\/label><\/p>\n<p><input type=\"submit\" value=\"Envoyer\" class=\"wpcf7-form-control wpcf7-submit\" \/><\/p>\n<input type='hidden' class='wpcf7-pum' value='{\"closepopup\":false,\"closedelay\":0,\"openpopup\":false,\"openpopup_id\":0}' \/><div class=\"fusion-alert alert custom alert-custom fusion-alert-center wpcf7-response-output fusion-alert-capitalize alert-dismissable\" style=\"border-width:1px;\"><button type=\"button\" class=\"close toggle-alert\" data-dismiss=\"alert\" aria-hidden=\"true\">&times;<\/button><div class=\"fusion-alert-content-wrapper\"><span class=\"fusion-alert-content\"><\/span><\/div><\/div><\/form><\/div><\/div><\/div><style type=\"text\/css\">.fusion-body .fusion-builder-column-2{width:60% !important;margin-top : 0px;margin-bottom : 8%;}.fusion-builder-column-2 > .fusion-column-wrapper {padding-top : 0px !important;padding-right : 0px !important;margin-right : 3.2%;padding-bottom : 0px !important;padding-left : 0px !important;margin-left : 5.76%;}@media only screen and (max-width:1024px) {.fusion-body .fusion-builder-column-2{width:100% !important;}.fusion-builder-column-2 > .fusion-column-wrapper {margin-right : 1.92%;margin-left : 1.92%;}}@media only screen and (max-width:640px) {.fusion-body .fusion-builder-column-2{width:100% !important;}.fusion-builder-column-2 > .fusion-column-wrapper {margin-right : 1.92%;margin-left : 1.92%;}}<\/style><\/div><style type=\"text\/css\">.fusion-body .fusion-flex-container.fusion-builder-row-1{ padding-top : 0px;margin-top : 0px;padding-right : 0px;padding-bottom : 0%;margin-bottom : 0px;padding-left : 0px;}<\/style><\/div><div class=\"fusion-fullwidth fullwidth-box fusion-builder-row-2 fusion-flex-container nonhundred-percent-fullwidth non-hundred-percent-height-scrolling\" style=\"background-color: rgba(255,255,255,0);background-position: center center;background-repeat: no-repeat;border-width: 0px 0px 0px 0px;border-color:#eae9e9;border-style:solid;\" ><div class=\"fusion-builder-row fusion-row fusion-flex-align-items-stretch\" style=\"max-width:calc( 1375px + 0px );margin-left: calc(-0px \/ 2 );margin-right: calc(-0px \/ 2 );\"><div class=\"fusion-layout-column fusion_builder_column fusion-builder-column-3 fusion_builder_column_1_2 1_2 fusion-flex-column fusion-column-inner-bg-wrapper fusion-animated\" data-animationType=\"fadeIn\" data-animationDuration=\"1.0\" data-animationOffset=\"100%\"><div class=\"fusion-column-wrapper fusion-flex-justify-content-flex-start fusion-content-layout-column\" style=\"padding: 0px 0px 0px 0px;\" data-bg-url=\"https:\/\/www.hostellerie-stafelter.lu\/wp-content\/uploads\/2021\/03\/stafelter5572.jpg\"><\/div><span class=\"fusion-column-inner-bg hover-type-none\"><a href=\"https:\/\/www.hostellerie-stafelter.lu\/our-takeout-menu\/\"><span class=\"fusion-column-inner-bg-image lazyload\" style=\"background-position:center center;background-repeat:no-repeat;-webkit-background-size:cover;-moz-background-size:cover;-o-background-size:cover;background-size:cover;\" data-bg-height=\"1365\" data-bg-width=\"2048\" data-bg=\"https:\/\/www.hostellerie-stafelter.lu\/wp-content\/uploads\/2021\/03\/stafelter5572.jpg\"><\/span><\/a><\/span><\/div><style type=\"text\/css\">.fusion-body .fusion-builder-column-3{width:50% !important;margin-top : 0px;margin-bottom : 0px;}.fusion-builder-column-3 > .fusion-column-wrapper {padding-top : 0px !important;padding-right : 0px !important;margin-right : 0;padding-bottom : 0px !important;padding-left : 0px !important;margin-left : 0;}.fusion-flex-container .fusion-row .fusion-builder-column-3 > .fusion-column-inner-bg { margin-right:0;margin-left:0; }@media only screen and (max-width:1024px) {.fusion-body .fusion-builder-column-3{width:100% !important;order : 0;}.fusion-builder-column-3 > .fusion-column-wrapper {padding-top : 20vh !important;margin-right : 0;padding-bottom : 20vh !important;margin-left : 0;}.fusion-flex-container .fusion-row .fusion-builder-column-3 > .fusion-column-inner-bg { margin-right:0;margin-left:0; }}@media only screen and (max-width:640px) {.fusion-body .fusion-builder-column-3{width:100% !important;order : 0;}.fusion-builder-column-3 > .fusion-column-wrapper {margin-right : 0;margin-left : 0;}.fusion-flex-container .fusion-row .fusion-builder-column-3 > .fusion-column-inner-bg { margin-right:0;margin-left:0; }}<\/style><div class=\"fusion-layout-column fusion_builder_column fusion-builder-column-4 fusion_builder_column_1_2 1_2 fusion-flex-column fusion-animated\" data-animationType=\"fadeIn\" data-animationDuration=\"0.6\" data-animationOffset=\"100%\"><div class=\"fusion-column-wrapper fusion-flex-justify-content-flex-start fusion-content-layout-column\" style=\"background-position:center top;background-repeat:no-repeat;-webkit-background-size:cover;-moz-background-size:cover;-o-background-size:cover;background-size:cover;background-color:#9e8c52;padding: 15% 15% 14% 15%;\"><style type=\"text\/css\">@media only screen and (max-width:1024px) {.fusion-title.fusion-title-4{margin-top:0px!important;margin-bottom:4%!important;}}<\/style><div class=\"fusion-title title fusion-title-4 fusion-sep-none fusion-title-text fusion-title-size-six\" style=\"margin-top:0px;margin-bottom:4%;\"><h6 class=\"title-heading-left\" style=\"margin:0;color:#d6d6d6;\">Jobs<\/h6><\/div><style type=\"text\/css\">@media only screen and (max-width:1024px) {.fusion-title.fusion-title-5{margin-top:0px!important;margin-bottom:1%!important;}}<\/style><div class=\"fusion-title title fusion-title-5 fusion-sep-none fusion-title-text fusion-title-size-three\" style=\"font-size:50px;margin-top:0px;margin-bottom:1%;\"><h3 class=\"title-heading-left\" style=\"margin:0;font-size:1em;color:#ffffff;\">VOUS CHERCHEZ UN EMPLOI ?<\/h3><\/div><div class=\"fusion-text fusion-text-4\" style=\"transform:translate3d(0,0,0);\"><p style=\"color: #ffffff; text-align: left;\">Vous souhaitez faire partie de notre \u00e9quipe ? Envoyez-nous votre CV avec photo et lettre de motivation.<\/p>\n<\/div><div class=\"fusion-separator\" style=\"align-self: center;margin-left: auto;margin-right: auto;margin-bottom:6%;width:100%;max-width:70px;\"><\/div><div style=\"text-align:left;\"><style type=\"text\/css\">.fusion-button.button-1 .fusion-button-text, .fusion-button.button-1 i {color:#ffffff;}.fusion-button.button-1 .fusion-button-icon-divider{border-color:#ffffff;}.fusion-button.button-1:hover .fusion-button-text, .fusion-button.button-1:hover i,.fusion-button.button-1:focus .fusion-button-text, .fusion-button.button-1:focus i,.fusion-button.button-1:active .fusion-button-text, .fusion-button.button-1:active{color:#030303;}.fusion-button.button-1:hover .fusion-button-icon-divider, .fusion-button.button-1:hover .fusion-button-icon-divider, .fusion-button.button-1:active .fusion-button-icon-divider{border-color:#030303;}.fusion-button.button-1:hover, .fusion-button.button-1:focus, .fusion-button.button-1:active{border-color:#030303;}.fusion-button.button-1 {border-color:#d6d6d6;border-radius:0px;}.fusion-button.button-1{background: rgba(255,255,255,0);}.fusion-button.button-1:hover,.button-1:focus,.fusion-button.button-1:active{background: #ffffff;}<\/style><a class=\"fusion-button button-flat fusion-button-default-size button-custom button-1 fusion-button-default-span fusion-button-default-type\" target=\"_self\" href=\"mailto:tom.brosius@hostellerie-stafelter.lu\"><i class=\"fa-envelope fas button-icon-left\" aria-hidden=\"true\"><\/i><span class=\"fusion-button-text\">tom.brosius@hostellerie-stafelter.lu<\/span><\/a><\/div><\/div><\/div><style type=\"text\/css\">.fusion-body .fusion-builder-column-4{width:50% !important;margin-top : 0px;margin-bottom : 0px;}.fusion-builder-column-4 > .fusion-column-wrapper {padding-top : 15% !important;padding-right : 15% !important;margin-right : 0;padding-bottom : 14% !important;padding-left : 15% !important;margin-left : 0;}@media only screen and (max-width:1024px) {.fusion-body .fusion-builder-column-4{width:100% !important;order : 0;}.fusion-builder-column-4 > .fusion-column-wrapper {margin-right : 0;margin-left : 0;}}@media only screen and (max-width:640px) {.fusion-body .fusion-builder-column-4{width:100% !important;order : 0;}.fusion-builder-column-4 > .fusion-column-wrapper {margin-right : 0;margin-left : 0;}}<\/style><\/div><style type=\"text\/css\">.fusion-body .fusion-flex-container.fusion-builder-row-2{ padding-top : 0%;margin-top : 0px;padding-right : 0px;padding-bottom : 0px;margin-bottom : 0px;padding-left : 0px;}<\/style><\/div><\/p>\n","protected":false},"excerpt":{"rendered":"","protected":false},"author":1,"featured_media":4077,"parent":0,"menu_order":0,"comment_status":"closed","ping_status":"closed","template":"100-width.php","meta":{"spay_email":""},"yoast_head":"<!-- This site is optimized with the Yoast SEO plugin v16.0.2 - https:\/\/yoast.com\/wordpress\/plugins\/seo\/ -->\n<title>Contact - Hostellerie Stafelter<\/title>\n<meta name=\"description\" content=\"1, rue de Dommeldange, L-7222 Walferdange Tel: +352 20 33 97 Mail: info@hostellerie-stafelter.lu\" \/>\n<link rel=\"canonical\" href=\"https:\/\/stafelter.blocknote.dev\/fr\/contact\/\" \/>\n<meta property=\"og:locale\" content=\"fr_FR\" \/>\n<meta property=\"og:type\" content=\"article\" \/>\n<meta property=\"og:title\" content=\"Contact - Hostellerie Stafelter\" \/>\n<meta property=\"og:description\" content=\"1, rue de Dommeldange, L-7222 Walferdange Tel: +352 20 33 97 Mail: info@hostellerie-stafelter.lu\" \/>\n<meta property=\"og:url\" content=\"https:\/\/stafelter.blocknote.dev\/fr\/contact\/\" \/>\n<meta property=\"og:site_name\" content=\"Hostellerie Stafelter\" \/>\n<meta property=\"article:publisher\" content=\"https:\/\/www.facebook.com\/hostelleriestafelter\/\" \/>\n<meta property=\"article:modified_time\" content=\"2021-04-03T17:40:31+00:00\" \/>\n<meta property=\"og:image\" content=\"https:\/\/www.hostellerie-stafelter.lu\/wp-content\/uploads\/2021\/03\/contact.jpg\" \/>\n\t<meta property=\"og:image:width\" content=\"2048\" \/>\n\t<meta property=\"og:image:height\" content=\"1365\" \/>\n<meta name=\"twitter:card\" content=\"summary_large_image\" \/>\n<meta name=\"twitter:label1\" content=\"Dur\u00e9e de lecture est.\">\n\t<meta name=\"twitter:data1\" content=\"13 minutes\">\n<script type=\"application\/ld+json\" class=\"yoast-schema-graph\">{\"@context\":\"https:\/\/schema.org\",\"@graph\":[{\"@type\":\"Organization\",\"@id\":\"https:\/\/www.hostellerie-stafelter.lu\/en\/#organization\",\"name\":\"Hostellerie Stafelter\",\"url\":\"https:\/\/www.hostellerie-stafelter.lu\/en\/\",\"sameAs\":[\"https:\/\/www.facebook.com\/hostelleriestafelter\/\"],\"logo\":{\"@type\":\"ImageObject\",\"@id\":\"https:\/\/www.hostellerie-stafelter.lu\/en\/#logo\",\"inLanguage\":\"fr-FR\",\"url\":\"https:\/\/www.hostellerie-stafelter.lu\/wp-content\/uploads\/2021\/04\/seo.jpg\",\"width\":2048,\"height\":1365,\"caption\":\"Hostellerie Stafelter\"},\"image\":{\"@id\":\"https:\/\/www.hostellerie-stafelter.lu\/en\/#logo\"}},{\"@type\":\"WebSite\",\"@id\":\"https:\/\/www.hostellerie-stafelter.lu\/en\/#website\",\"url\":\"https:\/\/www.hostellerie-stafelter.lu\/en\/\",\"name\":\"Hostellerie Stafelter\",\"description\":\"\",\"publisher\":{\"@id\":\"https:\/\/www.hostellerie-stafelter.lu\/en\/#organization\"},\"potentialAction\":[{\"@type\":\"SearchAction\",\"target\":\"https:\/\/www.hostellerie-stafelter.lu\/en\/?s={search_term_string}\",\"query-input\":\"required name=search_term_string\"}],\"inLanguage\":\"fr-FR\"},{\"@type\":\"ImageObject\",\"@id\":\"https:\/\/stafelter.blocknote.dev\/fr\/contact\/#primaryimage\",\"inLanguage\":\"fr-FR\",\"url\":\"https:\/\/www.hostellerie-stafelter.lu\/wp-content\/uploads\/2021\/03\/contact.jpg\",\"width\":2048,\"height\":1365},{\"@type\":\"WebPage\",\"@id\":\"https:\/\/stafelter.blocknote.dev\/fr\/contact\/#webpage\",\"url\":\"https:\/\/stafelter.blocknote.dev\/fr\/contact\/\",\"name\":\"Contact - Hostellerie Stafelter\",\"isPartOf\":{\"@id\":\"https:\/\/www.hostellerie-stafelter.lu\/en\/#website\"},\"primaryImageOfPage\":{\"@id\":\"https:\/\/stafelter.blocknote.dev\/fr\/contact\/#primaryimage\"},\"datePublished\":\"2021-02-27T14:03:06+00:00\",\"dateModified\":\"2021-04-03T17:40:31+00:00\",\"description\":\"1, rue de Dommeldange, L-7222 Walferdange Tel: +352 20 33 97 Mail: info@hostellerie-stafelter.lu\",\"breadcrumb\":{\"@id\":\"https:\/\/stafelter.blocknote.dev\/fr\/contact\/#breadcrumb\"},\"inLanguage\":\"fr-FR\",\"potentialAction\":[{\"@type\":\"ReadAction\",\"target\":[\"https:\/\/stafelter.blocknote.dev\/fr\/contact\/\"]}]},{\"@type\":\"BreadcrumbList\",\"@id\":\"https:\/\/stafelter.blocknote.dev\/fr\/contact\/#breadcrumb\",\"itemListElement\":[{\"@type\":\"ListItem\",\"position\":1,\"item\":{\"@type\":\"WebPage\",\"@id\":\"https:\/\/www.hostellerie-stafelter.lu\/fr\/restaurant-home\/\",\"url\":\"https:\/\/www.hostellerie-stafelter.lu\/fr\/restaurant-home\/\",\"name\":\"Home\"}},{\"@type\":\"ListItem\",\"position\":2,\"item\":{\"@type\":\"WebPage\",\"@id\":\"https:\/\/stafelter.blocknote.dev\/fr\/contact\/\",\"url\":\"https:\/\/stafelter.blocknote.dev\/fr\/contact\/\",\"name\":\"Contact\"}}]}]}<\/script>\n<!-- \/ Yoast SEO plugin. -->","_links":{"self":[{"href":"https:\/\/www.hostellerie-stafelter.lu\/fr\/wp-json\/wp\/v2\/pages\/4149"}],"collection":[{"href":"https:\/\/www.hostellerie-stafelter.lu\/fr\/wp-json\/wp\/v2\/pages"}],"about":[{"href":"https:\/\/www.hostellerie-stafelter.lu\/fr\/wp-json\/wp\/v2\/types\/page"}],"author":[{"embeddable":true,"href":"https:\/\/www.hostellerie-stafelter.lu\/fr\/wp-json\/wp\/v2\/users\/1"}],"replies":[{"embeddable":true,"href":"https:\/\/www.hostellerie-stafelter.lu\/fr\/wp-json\/wp\/v2\/comments?post=4149"}],"version-history":[{"count":5,"href":"https:\/\/www.hostellerie-stafelter.lu\/fr\/wp-json\/wp\/v2\/pages\/4149\/revisions"}],"predecessor-version":[{"id":4269,"href":"https:\/\/www.hostellerie-stafelter.lu\/fr\/wp-json\/wp\/v2\/pages\/4149\/revisions\/4269"}],"wp:featuredmedia":[{"embeddable":true,"href":"https:\/\/www.hostellerie-stafelter.lu\/fr\/wp-json\/wp\/v2\/media\/4077"}],"wp:attachment":[{"href":"https:\/\/www.hostellerie-stafelter.lu\/fr\/wp-json\/wp\/v2\/media?parent=4149"}],"curies":[{"name":"wp","href":"https:\/\/api.w.org\/{rel}","templated":true}]}}